{"id":488,"date":"2024-12-24T15:09:25","date_gmt":"2024-12-24T15:09:25","guid":{"rendered":"https:\/\/cval.fr\/?page_id=488"},"modified":"2025-01-05T13:36:47","modified_gmt":"2025-01-05T13:36:47","slug":"les-membres-du-bureau-cval","status":"publish","type":"page","link":"https:\/\/cval.fr\/index.php\/les-membres-du-bureau-cval\/","title":{"rendered":"Les membres du Bureau CVAL"},"content":{"rendered":"\n<p>Le CVAL est une association de loi 1901, le bureau est actuellement constitu\u00e9 des valeureuses et valeureux membres suivantes et suivants&#8230;<\/p>\n\n\n\n<p>Le bureau, secr\u00e9tariat et tr\u00e9sor sont accessibles par mail aux adresses suivantes:<\/p>\n\n\n\n<p><a href=\"mailto:bureau@cval.fr\">bureau@cval.fr<\/a><\/p>\n\n\n\n<p><a href=\"mailto:secretariat@cval.fr\">secretariat@cval.fr<\/a><\/p>\n\n\n\n<p><a href=\"mailto:tresor@cval.fr\">tresor@cval.fr<\/a><\/p>\n\n\n\n<figure class=\"wp-block-table is-style-stripes\"><table class=\"has-fixed-layout\"><tbody><tr><td>Et dans le r\u00f4le de &#8230;<\/td><td>Notre ch\u00e8re ou cher&#8230;<\/td><td>Dans une pose non contractuelle&#8230;<\/td><\/tr><tr><td>PRESIDENT<\/td><td>GILLES R.<\/td><td><img loading=\"lazy\" decoding=\"async\" width=\"150\" height=\"125\" class=\"wp-image-491\" style=\"width: 150px;\" src=\"https:\/\/cval.fr\/wp-content\/uploads\/2024\/12\/gilles.jpg\" alt=\"\"><\/td><\/tr><tr><td>VICE PRESIDENT VOILE<\/td><td>FRED G.<\/td><td><img loading=\"lazy\" decoding=\"async\" width=\"150\" height=\"201\" class=\"wp-image-490\" style=\"width: 150px;\" src=\"https:\/\/cval.fr\/wp-content\/uploads\/2024\/12\/fred.gif\" alt=\"\"><\/td><\/tr><tr><td>VICE PRESIDENT AVIRON<\/td><td>HUBERT J.<\/td><td><img loading=\"lazy\" decoding=\"async\" width=\"150\" height=\"109\" class=\"wp-image-501\" style=\"width: 150px;\" src=\"https:\/\/cval.fr\/wp-content\/uploads\/2025\/01\/HubertJouvel.png\" alt=\"\"><\/td><\/tr><tr><td>SECRETAIRE<\/td><td>MARIE G<\/td><td><img loading=\"lazy\" decoding=\"async\" width=\"150\" height=\"132\" class=\"wp-image-499\" style=\"width: 150px;\" src=\"https:\/\/cval.fr\/wp-content\/uploads\/2025\/01\/MarieGirod.png\" alt=\"\"><\/td><\/tr><tr><td>SECRETAIRE ADJOINTE<\/td><td>CHRISTINE P.<\/td><td><img loading=\"lazy\" decoding=\"async\" width=\"150\" height=\"186\" class=\"wp-image-489\" style=\"width: 150px;\" src=\"https:\/\/cval.fr\/wp-content\/uploads\/2024\/12\/christine.jpg\" alt=\"\" srcset=\"https:\/\/cval.fr\/wp-content\/uploads\/2024\/12\/christine.jpg 1265w, https:\/\/cval.fr\/wp-content\/uploads\/2024\/12\/christine-242x300.jpg 242w, https:\/\/cval.fr\/wp-content\/uploads\/2024\/12\/christine-828x1024.jpg 828w, https:\/\/cval.fr\/wp-content\/uploads\/2024\/12\/christine-768x950.jpg 768w, https:\/\/cval.fr\/wp-content\/uploads\/2024\/12\/christine-1242x1536.jpg 1242w\" sizes=\"auto, (max-width: 150px) 100vw, 150px\" \/><\/td><\/tr><tr><td>TRESORIER<\/td><td>REJEAN P.<\/td><td><img loading=\"lazy\" decoding=\"async\" width=\"150\" height=\"200\" class=\"wp-image-125\" style=\"width: 150px;\" src=\"https:\/\/cval.fr\/wp-content\/uploads\/2024\/03\/Oile.jpg\" alt=\"\" srcset=\"https:\/\/cval.fr\/wp-content\/uploads\/2024\/03\/Oile.jpg 768w, https:\/\/cval.fr\/wp-content\/uploads\/2024\/03\/Oile-225x300.jpg 225w, https:\/\/cval.fr\/wp-content\/uploads\/2024\/03\/Oile-600x800.jpg 600w\" sizes=\"auto, (max-width: 150px) 100vw, 150px\" \/><\/td><\/tr><tr><td>TRESORIERE ADJOINTE<\/td><td>MANUE A.<\/td><td><\/td><\/tr><\/tbody><\/table><\/figure>\n\n\n\n<p><\/p>\n","protected":false},"excerpt":{"rendered":"<p>Le CVAL est une association de loi 1901, le bureau est actuellement constitu\u00e9 des valeureuses et valeureux membres suivantes et suivants&#8230; Le bureau, secr\u00e9tariat et tr\u00e9sor sont accessibles par mail &#8230; <a title=\"Les membres du Bureau CVAL\" class=\"read-more\" href=\"https:\/\/cval.fr\/index.php\/les-membres-du-bureau-cval\/\" aria-label=\"En savoir plus sur Les membres du Bureau CVAL\">Lire la suite<\/a><\/p>\n","protected":false},"author":1,"featured_media":0,"parent":0,"menu_order":0,"comment_status":"closed","ping_status":"closed","template":"","meta":{"footnotes":""},"class_list":["post-488","page","type-page","status-publish"],"yoast_head":"<!-- This site is optimized with the Yoast SEO plugin v27.4 - https:\/\/yoast.com\/product\/yoast-seo-wordpress\/ -->\n<title>Les membres du Bureau CVAL - Club de Voile et Aviron de Laffrey<\/title>\n<meta name=\"robots\" content=\"index, follow, max-snippet:-1, max-image-preview:large, max-video-preview:-1\" \/>\n<link rel=\"canonical\" href=\"https:\/\/cval.fr\/index.php\/les-membres-du-bureau-cval\/\" \/>\n<meta property=\"og:locale\" content=\"fr_FR\" \/>\n<meta property=\"og:type\" content=\"article\" \/>\n<meta property=\"og:title\" content=\"Les membres du Bureau CVAL - Club de Voile et Aviron de Laffrey\" \/>\n<meta property=\"og:description\" content=\"Le CVAL est une association de loi 1901, le bureau est actuellement constitu\u00e9 des valeureuses et valeureux membres suivantes et suivants&#8230; Le bureau, secr\u00e9tariat et tr\u00e9sor sont accessibles par mail ... Lire la suite\" \/>\n<meta property=\"og:url\" content=\"https:\/\/cval.fr\/index.php\/les-membres-du-bureau-cval\/\" \/>\n<meta property=\"og:site_name\" content=\"Club de Voile et Aviron de Laffrey\" \/>\n<meta property=\"article:modified_time\" content=\"2025-01-05T13:36:47+00:00\" \/>\n<meta property=\"og:image\" content=\"https:\/\/cval.fr\/wp-content\/uploads\/2024\/12\/gilles.jpg\" \/>\n\t<meta property=\"og:image:width\" content=\"169\" \/>\n\t<meta property=\"og:image:height\" content=\"141\" \/>\n\t<meta property=\"og:image:type\" content=\"image\/jpeg\" \/>\n<meta name=\"twitter:card\" content=\"summary_large_image\" \/>\n<meta name=\"twitter:label1\" content=\"Dur\u00e9e de lecture estim\u00e9e\" \/>\n\t<meta name=\"twitter:data1\" content=\"2 minutes\" \/>\n<script type=\"application\/ld+json\" class=\"yoast-schema-graph\">{\"@context\":\"https:\\\/\\\/schema.org\",\"@graph\":[{\"@type\":\"WebPage\",\"@id\":\"https:\\\/\\\/cval.fr\\\/index.php\\\/les-membres-du-bureau-cval\\\/\",\"url\":\"https:\\\/\\\/cval.fr\\\/index.php\\\/les-membres-du-bureau-cval\\\/\",\"name\":\"Les membres du Bureau CVAL - Club de Voile et Aviron de Laffrey\",\"isPartOf\":{\"@id\":\"https:\\\/\\\/cval.fr\\\/#website\"},\"primaryImageOfPage\":{\"@id\":\"https:\\\/\\\/cval.fr\\\/index.php\\\/les-membres-du-bureau-cval\\\/#primaryimage\"},\"image\":{\"@id\":\"https:\\\/\\\/cval.fr\\\/index.php\\\/les-membres-du-bureau-cval\\\/#primaryimage\"},\"thumbnailUrl\":\"https:\\\/\\\/cval.fr\\\/wp-content\\\/uploads\\\/2024\\\/12\\\/gilles.jpg\",\"datePublished\":\"2024-12-24T15:09:25+00:00\",\"dateModified\":\"2025-01-05T13:36:47+00:00\",\"breadcrumb\":{\"@id\":\"https:\\\/\\\/cval.fr\\\/index.php\\\/les-membres-du-bureau-cval\\\/#breadcrumb\"},\"inLanguage\":\"fr-FR\",\"potentialAction\":[{\"@type\":\"ReadAction\",\"target\":[\"https:\\\/\\\/cval.fr\\\/index.php\\\/les-membres-du-bureau-cval\\\/\"]}]},{\"@type\":\"ImageObject\",\"inLanguage\":\"fr-FR\",\"@id\":\"https:\\\/\\\/cval.fr\\\/index.php\\\/les-membres-du-bureau-cval\\\/#primaryimage\",\"url\":\"https:\\\/\\\/cval.fr\\\/wp-content\\\/uploads\\\/2024\\\/12\\\/gilles.jpg\",\"contentUrl\":\"https:\\\/\\\/cval.fr\\\/wp-content\\\/uploads\\\/2024\\\/12\\\/gilles.jpg\",\"width\":169,\"height\":141},{\"@type\":\"BreadcrumbList\",\"@id\":\"https:\\\/\\\/cval.fr\\\/index.php\\\/les-membres-du-bureau-cval\\\/#breadcrumb\",\"itemListElement\":[{\"@type\":\"ListItem\",\"position\":1,\"name\":\"Accueil\",\"item\":\"https:\\\/\\\/cval.fr\\\/\"},{\"@type\":\"ListItem\",\"position\":2,\"name\":\"Les membres du Bureau CVAL\"}]},{\"@type\":\"WebSite\",\"@id\":\"https:\\\/\\\/cval.fr\\\/#website\",\"url\":\"https:\\\/\\\/cval.fr\\\/\",\"name\":\"Club de Voile et Aviron de Laffrey\",\"description\":\"Un petit bateau dans la t\u00eate ....\",\"potentialAction\":[{\"@type\":\"SearchAction\",\"target\":{\"@type\":\"EntryPoint\",\"urlTemplate\":\"https:\\\/\\\/cval.fr\\\/?s={search_term_string}\"},\"query-input\":{\"@type\":\"PropertyValueSpecification\",\"valueRequired\":true,\"valueName\":\"search_term_string\"}}],\"inLanguage\":\"fr-FR\"}]}<\/script>\n<!-- \/ Yoast SEO plugin. -->","yoast_head_json":{"title":"Les membres du Bureau CVAL - Club de Voile et Aviron de Laffrey","robots":{"index":"index","follow":"follow","max-snippet":"max-snippet:-1","max-image-preview":"max-image-preview:large","max-video-preview":"max-video-preview:-1"},"canonical":"https:\/\/cval.fr\/index.php\/les-membres-du-bureau-cval\/","og_locale":"fr_FR","og_type":"article","og_title":"Les membres du Bureau CVAL - Club de Voile et Aviron de Laffrey","og_description":"Le CVAL est une association de loi 1901, le bureau est actuellement constitu\u00e9 des valeureuses et valeureux membres suivantes et suivants&#8230; Le bureau, secr\u00e9tariat et tr\u00e9sor sont accessibles par mail ... Lire la suite","og_url":"https:\/\/cval.fr\/index.php\/les-membres-du-bureau-cval\/","og_site_name":"Club de Voile et Aviron de Laffrey","article_modified_time":"2025-01-05T13:36:47+00:00","og_image":[{"width":169,"height":141,"url":"https:\/\/cval.fr\/wp-content\/uploads\/2024\/12\/gilles.jpg","type":"image\/jpeg"}],"twitter_card":"summary_large_image","twitter_misc":{"Dur\u00e9e de lecture estim\u00e9e":"2 minutes"},"schema":{"@context":"https:\/\/schema.org","@graph":[{"@type":"WebPage","@id":"https:\/\/cval.fr\/index.php\/les-membres-du-bureau-cval\/","url":"https:\/\/cval.fr\/index.php\/les-membres-du-bureau-cval\/","name":"Les membres du Bureau CVAL - Club de Voile et Aviron de Laffrey","isPartOf":{"@id":"https:\/\/cval.fr\/#website"},"primaryImageOfPage":{"@id":"https:\/\/cval.fr\/index.php\/les-membres-du-bureau-cval\/#primaryimage"},"image":{"@id":"https:\/\/cval.fr\/index.php\/les-membres-du-bureau-cval\/#primaryimage"},"thumbnailUrl":"https:\/\/cval.fr\/wp-content\/uploads\/2024\/12\/gilles.jpg","datePublished":"2024-12-24T15:09:25+00:00","dateModified":"2025-01-05T13:36:47+00:00","breadcrumb":{"@id":"https:\/\/cval.fr\/index.php\/les-membres-du-bureau-cval\/#breadcrumb"},"inLanguage":"fr-FR","potentialAction":[{"@type":"ReadAction","target":["https:\/\/cval.fr\/index.php\/les-membres-du-bureau-cval\/"]}]},{"@type":"ImageObject","inLanguage":"fr-FR","@id":"https:\/\/cval.fr\/index.php\/les-membres-du-bureau-cval\/#primaryimage","url":"https:\/\/cval.fr\/wp-content\/uploads\/2024\/12\/gilles.jpg","contentUrl":"https:\/\/cval.fr\/wp-content\/uploads\/2024\/12\/gilles.jpg","width":169,"height":141},{"@type":"BreadcrumbList","@id":"https:\/\/cval.fr\/index.php\/les-membres-du-bureau-cval\/#breadcrumb","itemListElement":[{"@type":"ListItem","position":1,"name":"Accueil","item":"https:\/\/cval.fr\/"},{"@type":"ListItem","position":2,"name":"Les membres du Bureau CVAL"}]},{"@type":"WebSite","@id":"https:\/\/cval.fr\/#website","url":"https:\/\/cval.fr\/","name":"Club de Voile et Aviron de Laffrey","description":"Un petit bateau dans la t\u00eate ....","potentialAction":[{"@type":"SearchAction","target":{"@type":"EntryPoint","urlTemplate":"https:\/\/cval.fr\/?s={search_term_string}"},"query-input":{"@type":"PropertyValueSpecification","valueRequired":true,"valueName":"search_term_string"}}],"inLanguage":"fr-FR"}]}},"_links":{"self":[{"href":"https:\/\/cval.fr\/index.php\/wp-json\/wp\/v2\/pages\/488","targetHints":{"allow":["GET"]}}],"collection":[{"href":"https:\/\/cval.fr\/index.php\/wp-json\/wp\/v2\/pages"}],"about":[{"href":"https:\/\/cval.fr\/index.php\/wp-json\/wp\/v2\/types\/page"}],"author":[{"embeddable":true,"href":"https:\/\/cval.fr\/index.php\/wp-json\/wp\/v2\/users\/1"}],"replies":[{"embeddable":true,"href":"https:\/\/cval.fr\/index.php\/wp-json\/wp\/v2\/comments?post=488"}],"version-history":[{"count":4,"href":"https:\/\/cval.fr\/index.php\/wp-json\/wp\/v2\/pages\/488\/revisions"}],"predecessor-version":[{"id":502,"href":"https:\/\/cval.fr\/index.php\/wp-json\/wp\/v2\/pages\/488\/revisions\/502"}],"wp:attachment":[{"href":"https:\/\/cval.fr\/index.php\/wp-json\/wp\/v2\/media?parent=488"}],"curies":[{"name":"wp","href":"https:\/\/api.w.org\/{rel}","templated":true}]}}