{"id":129,"date":"2024-03-02T08:59:06","date_gmt":"2024-03-02T08:59:06","guid":{"rendered":"https:\/\/cval.fr\/?page_id=129"},"modified":"2025-09-13T07:36:20","modified_gmt":"2025-09-13T06:36:20","slug":"adherer-au-cval","status":"publish","type":"page","link":"https:\/\/cval.fr\/index.php\/adherer-au-cval\/","title":{"rendered":"Adh\u00e9rer au CVAL"},"content":{"rendered":"\n<div class=\"wp-block-media-text is-stacked-on-mobile\"><figure class=\"wp-block-media-text__media\"><img loading=\"lazy\" decoding=\"async\" width=\"1024\" height=\"576\" src=\"https:\/\/cval.fr\/wp-content\/uploads\/2024\/03\/pichet2023_bis-1024x576.jpg\" alt=\"\" class=\"wp-image-177 size-full\" srcset=\"https:\/\/cval.fr\/wp-content\/uploads\/2024\/03\/pichet2023_bis-1024x576.jpg 1024w, https:\/\/cval.fr\/wp-content\/uploads\/2024\/03\/pichet2023_bis-300x169.jpg 300w, https:\/\/cval.fr\/wp-content\/uploads\/2024\/03\/pichet2023_bis-768x432.jpg 768w, https:\/\/cval.fr\/wp-content\/uploads\/2024\/03\/pichet2023_bis-1536x864.jpg 1536w, https:\/\/cval.fr\/wp-content\/uploads\/2024\/03\/pichet2023_bis-2048x1152.jpg 2048w, https:\/\/cval.fr\/wp-content\/uploads\/2024\/03\/pichet2023_bis-600x338.jpg 600w\" sizes=\"auto, (max-width: 1024px) 100vw, 1024px\" \/><\/figure><div class=\"wp-block-media-text__content\">\n<p>Le CVAL est affili\u00e9 \u00e0 3 f\u00e9d\u00e9rations: UFOLEP, FFV et FFA. UFOLEP est l&#8217;affiliation par d\u00e9faut propos\u00e9e lors de l&#8217;adh\u00e9sion. Elle permet une pratique loisir sur l&#8217;ensemble des activit\u00e9s propos\u00e9es par le Club. L&#8217;affiliation UFOLEP permet notamment aussi de maintenir des tarifs attractifs en autorisant la prise d&#8217;une licence par adh\u00e9sion familiale. Pour la pratique sportive il est n\u00e9anmoins possible de choisir FFA (Aviron) ou FFV (Voile).<\/p>\n<\/div><\/div>\n\n\n\n<p>L&#8217;Adh\u00e9sion au CVAL comprend deux volets: <\/p>\n\n\n\n<ul class=\"wp-block-list\">\n<li>un formulaire d&#8217;adh\u00e9sion annuelle valable sur la p\u00e9riode de l&#8217;ann\u00e9e civile en cours<\/li>\n\n\n\n<li>une prise de licence en fonction de son choix UFOLEP, FFA ou FFV<\/li>\n<\/ul>\n\n\n\n<p><\/p>\n\n\n\n<p>D\u00e8s le 01 Janvier de chaque ann\u00e9e et apr\u00e8s la tenue de l&#8217;AG du Club qui d\u00e9termine les tarifs de la saison il est possible de remplir son formulaire d&#8217;adh\u00e9sion CLUB. Plusieurs types de paiement sont possibles ch\u00e8que, esp\u00e8ces, virement, ch\u00e8ques vacances papier ou num\u00e9rique. <\/p>\n\n\n\n<p>Pour tout compl\u00e9ment d&#8217;information tu peux adresser un mail \u00e0 <a href=\"mailto:secretariat@cval.fr\">secretariat@cval.fr<\/a><\/p>\n\n\n\n<div data-wp-interactive=\"core\/file\" class=\"wp-block-file\"><object data-wp-bind--hidden=\"!state.hasPdfPreview\" hidden class=\"wp-block-file__embed\" data=\"https:\/\/cval.fr\/wp-content\/uploads\/2025\/09\/Adhesion2026_v1.pdf\" type=\"application\/pdf\" style=\"width:100%;height:600px\" aria-label=\"Contenu embarqu\u00e9 Adhesion2026_v1.\"><\/object><a id=\"wp-block-file--media-697c2c40-4813-4de0-9fd2-05db49be32be\" href=\"https:\/\/cval.fr\/wp-content\/uploads\/2025\/09\/Adhesion2026_v1.pdf\">Adhesion2026_v1<\/a><a href=\"https:\/\/cval.fr\/wp-content\/uploads\/2025\/09\/Adhesion2026_v1.pdf\" class=\"wp-block-file__button wp-element-button\" download aria-describedby=\"wp-block-file--media-697c2c40-4813-4de0-9fd2-05db49be32be\">T\u00e9l\u00e9charger<\/a><\/div>\n\n\n\n<p>En fonction de ton choix de licence, tu dois remplir le formulaire ad\u00e9quat si n\u00e9cessaire (UFOLEP) et ton r\u00e9glement pour la p\u00e9riode consid\u00e9r\u00e9e. Les licences FFA et UFOLEP doivent \u00eatre prises \/ renouvel\u00e9es d\u00e8s le mois de Septembre. En revanche les licences FFV courent sur une p\u00e9riode d&#8217;ann\u00e9e civile comme pour l&#8217;adhesion au Club.<\/p>\n\n\n\n<div data-wp-interactive=\"core\/file\" class=\"wp-block-file\"><object data-wp-bind--hidden=\"!state.hasPdfPreview\" hidden class=\"wp-block-file__embed\" data=\"https:\/\/cval.fr\/wp-content\/uploads\/2025\/09\/Ufolep38-Saison25-26-Formulaire_pre_rempli_CVA_code_et_activites.pdf\" type=\"application\/pdf\" style=\"width:100%;height:600px\" aria-label=\"Contenu embarqu\u00e9 Ufolep38-Saison25-26-Formulaire_pre_rempli_CVA_code_et_activit\u00e9s.\"><\/object><a id=\"wp-block-file--media-43167407-6c74-4409-8b17-3317e1d3e43e\" href=\"https:\/\/cval.fr\/wp-content\/uploads\/2025\/09\/Ufolep38-Saison25-26-Formulaire_pre_rempli_CVA_code_et_activites.pdf\">Ufolep38-Saison25-26-Formulaire_pre_rempli_CVA_code_et_activit\u00e9s<\/a><a href=\"https:\/\/cval.fr\/wp-content\/uploads\/2025\/09\/Ufolep38-Saison25-26-Formulaire_pre_rempli_CVA_code_et_activites.pdf\" class=\"wp-block-file__button wp-element-button\" download aria-describedby=\"wp-block-file--media-43167407-6c74-4409-8b17-3317e1d3e43e\">T\u00e9l\u00e9charger<\/a><\/div>\n","protected":false},"excerpt":{"rendered":"<p>Le CVAL est affili\u00e9 \u00e0 3 f\u00e9d\u00e9rations: UFOLEP, FFV et FFA. UFOLEP est l&#8217;affiliation par d\u00e9faut propos\u00e9e lors de l&#8217;adh\u00e9sion. Elle permet une pratique loisir sur l&#8217;ensemble des activit\u00e9s propos\u00e9es &#8230; <a title=\"Adh\u00e9rer au CVAL\" class=\"read-more\" href=\"https:\/\/cval.fr\/index.php\/adherer-au-cval\/\" aria-label=\"En savoir plus sur Adh\u00e9rer au CVAL\">Lire la suite<\/a><\/p>\n","protected":false},"author":1,"featured_media":0,"parent":0,"menu_order":0,"comment_status":"closed","ping_status":"closed","template":"","meta":{"footnotes":""},"class_list":["post-129","page","type-page","status-publish"],"yoast_head":"<!-- This site is optimized with the Yoast SEO plugin v27.4 - https:\/\/yoast.com\/product\/yoast-seo-wordpress\/ -->\n<title>Adh\u00e9rer au CVAL - Club de Voile et Aviron de Laffrey<\/title>\n<meta name=\"robots\" content=\"index, follow, max-snippet:-1, max-image-preview:large, max-video-preview:-1\" \/>\n<link rel=\"canonical\" href=\"https:\/\/cval.fr\/index.php\/adherer-au-cval\/\" \/>\n<meta property=\"og:locale\" content=\"fr_FR\" \/>\n<meta property=\"og:type\" content=\"article\" \/>\n<meta property=\"og:title\" content=\"Adh\u00e9rer au CVAL - Club de Voile et Aviron de Laffrey\" \/>\n<meta property=\"og:description\" content=\"Le CVAL est affili\u00e9 \u00e0 3 f\u00e9d\u00e9rations: UFOLEP, FFV et FFA. UFOLEP est l&#8217;affiliation par d\u00e9faut propos\u00e9e lors de l&#8217;adh\u00e9sion. Elle permet une pratique loisir sur l&#8217;ensemble des activit\u00e9s propos\u00e9es ... Lire la suite\" \/>\n<meta property=\"og:url\" content=\"https:\/\/cval.fr\/index.php\/adherer-au-cval\/\" \/>\n<meta property=\"og:site_name\" content=\"Club de Voile et Aviron de Laffrey\" \/>\n<meta property=\"article:modified_time\" content=\"2025-09-13T06:36:20+00:00\" \/>\n<meta property=\"og:image\" content=\"https:\/\/cval.fr\/wp-content\/uploads\/2024\/03\/pichet2023_bis-scaled.jpg\" \/>\n\t<meta property=\"og:image:width\" content=\"2560\" \/>\n\t<meta property=\"og:image:height\" content=\"1440\" \/>\n\t<meta property=\"og:image:type\" content=\"image\/jpeg\" \/>\n<meta name=\"twitter:card\" content=\"summary_large_image\" \/>\n<meta name=\"twitter:label1\" content=\"Dur\u00e9e de lecture estim\u00e9e\" \/>\n\t<meta name=\"twitter:data1\" content=\"2 minutes\" \/>\n<script type=\"application\/ld+json\" class=\"yoast-schema-graph\">{\"@context\":\"https:\\\/\\\/schema.org\",\"@graph\":[{\"@type\":\"WebPage\",\"@id\":\"https:\\\/\\\/cval.fr\\\/index.php\\\/adherer-au-cval\\\/\",\"url\":\"https:\\\/\\\/cval.fr\\\/index.php\\\/adherer-au-cval\\\/\",\"name\":\"Adh\u00e9rer au CVAL - Club de Voile et Aviron de Laffrey\",\"isPartOf\":{\"@id\":\"https:\\\/\\\/cval.fr\\\/#website\"},\"primaryImageOfPage\":{\"@id\":\"https:\\\/\\\/cval.fr\\\/index.php\\\/adherer-au-cval\\\/#primaryimage\"},\"image\":{\"@id\":\"https:\\\/\\\/cval.fr\\\/index.php\\\/adherer-au-cval\\\/#primaryimage\"},\"thumbnailUrl\":\"https:\\\/\\\/cval.fr\\\/wp-content\\\/uploads\\\/2024\\\/03\\\/pichet2023_bis-1024x576.jpg\",\"datePublished\":\"2024-03-02T08:59:06+00:00\",\"dateModified\":\"2025-09-13T06:36:20+00:00\",\"breadcrumb\":{\"@id\":\"https:\\\/\\\/cval.fr\\\/index.php\\\/adherer-au-cval\\\/#breadcrumb\"},\"inLanguage\":\"fr-FR\",\"potentialAction\":[{\"@type\":\"ReadAction\",\"target\":[\"https:\\\/\\\/cval.fr\\\/index.php\\\/adherer-au-cval\\\/\"]}]},{\"@type\":\"ImageObject\",\"inLanguage\":\"fr-FR\",\"@id\":\"https:\\\/\\\/cval.fr\\\/index.php\\\/adherer-au-cval\\\/#primaryimage\",\"url\":\"https:\\\/\\\/cval.fr\\\/wp-content\\\/uploads\\\/2024\\\/03\\\/pichet2023_bis-scaled.jpg\",\"contentUrl\":\"https:\\\/\\\/cval.fr\\\/wp-content\\\/uploads\\\/2024\\\/03\\\/pichet2023_bis-scaled.jpg\",\"width\":2560,\"height\":1440},{\"@type\":\"BreadcrumbList\",\"@id\":\"https:\\\/\\\/cval.fr\\\/index.php\\\/adherer-au-cval\\\/#breadcrumb\",\"itemListElement\":[{\"@type\":\"ListItem\",\"position\":1,\"name\":\"Accueil\",\"item\":\"https:\\\/\\\/cval.fr\\\/\"},{\"@type\":\"ListItem\",\"position\":2,\"name\":\"Adh\u00e9rer au CVAL\"}]},{\"@type\":\"WebSite\",\"@id\":\"https:\\\/\\\/cval.fr\\\/#website\",\"url\":\"https:\\\/\\\/cval.fr\\\/\",\"name\":\"Club de Voile et Aviron de Laffrey\",\"description\":\"Un petit bateau dans la t\u00eate ....\",\"potentialAction\":[{\"@type\":\"SearchAction\",\"target\":{\"@type\":\"EntryPoint\",\"urlTemplate\":\"https:\\\/\\\/cval.fr\\\/?s={search_term_string}\"},\"query-input\":{\"@type\":\"PropertyValueSpecification\",\"valueRequired\":true,\"valueName\":\"search_term_string\"}}],\"inLanguage\":\"fr-FR\"}]}<\/script>\n<!-- \/ Yoast SEO plugin. -->","yoast_head_json":{"title":"Adh\u00e9rer au CVAL - Club de Voile et Aviron de Laffrey","robots":{"index":"index","follow":"follow","max-snippet":"max-snippet:-1","max-image-preview":"max-image-preview:large","max-video-preview":"max-video-preview:-1"},"canonical":"https:\/\/cval.fr\/index.php\/adherer-au-cval\/","og_locale":"fr_FR","og_type":"article","og_title":"Adh\u00e9rer au CVAL - Club de Voile et Aviron de Laffrey","og_description":"Le CVAL est affili\u00e9 \u00e0 3 f\u00e9d\u00e9rations: UFOLEP, FFV et FFA. UFOLEP est l&#8217;affiliation par d\u00e9faut propos\u00e9e lors de l&#8217;adh\u00e9sion. Elle permet une pratique loisir sur l&#8217;ensemble des activit\u00e9s propos\u00e9es ... Lire la suite","og_url":"https:\/\/cval.fr\/index.php\/adherer-au-cval\/","og_site_name":"Club de Voile et Aviron de Laffrey","article_modified_time":"2025-09-13T06:36:20+00:00","og_image":[{"width":2560,"height":1440,"url":"https:\/\/cval.fr\/wp-content\/uploads\/2024\/03\/pichet2023_bis-scaled.jpg","type":"image\/jpeg"}],"twitter_card":"summary_large_image","twitter_misc":{"Dur\u00e9e de lecture estim\u00e9e":"2 minutes"},"schema":{"@context":"https:\/\/schema.org","@graph":[{"@type":"WebPage","@id":"https:\/\/cval.fr\/index.php\/adherer-au-cval\/","url":"https:\/\/cval.fr\/index.php\/adherer-au-cval\/","name":"Adh\u00e9rer au CVAL - Club de Voile et Aviron de Laffrey","isPartOf":{"@id":"https:\/\/cval.fr\/#website"},"primaryImageOfPage":{"@id":"https:\/\/cval.fr\/index.php\/adherer-au-cval\/#primaryimage"},"image":{"@id":"https:\/\/cval.fr\/index.php\/adherer-au-cval\/#primaryimage"},"thumbnailUrl":"https:\/\/cval.fr\/wp-content\/uploads\/2024\/03\/pichet2023_bis-1024x576.jpg","datePublished":"2024-03-02T08:59:06+00:00","dateModified":"2025-09-13T06:36:20+00:00","breadcrumb":{"@id":"https:\/\/cval.fr\/index.php\/adherer-au-cval\/#breadcrumb"},"inLanguage":"fr-FR","potentialAction":[{"@type":"ReadAction","target":["https:\/\/cval.fr\/index.php\/adherer-au-cval\/"]}]},{"@type":"ImageObject","inLanguage":"fr-FR","@id":"https:\/\/cval.fr\/index.php\/adherer-au-cval\/#primaryimage","url":"https:\/\/cval.fr\/wp-content\/uploads\/2024\/03\/pichet2023_bis-scaled.jpg","contentUrl":"https:\/\/cval.fr\/wp-content\/uploads\/2024\/03\/pichet2023_bis-scaled.jpg","width":2560,"height":1440},{"@type":"BreadcrumbList","@id":"https:\/\/cval.fr\/index.php\/adherer-au-cval\/#breadcrumb","itemListElement":[{"@type":"ListItem","position":1,"name":"Accueil","item":"https:\/\/cval.fr\/"},{"@type":"ListItem","position":2,"name":"Adh\u00e9rer au CVAL"}]},{"@type":"WebSite","@id":"https:\/\/cval.fr\/#website","url":"https:\/\/cval.fr\/","name":"Club de Voile et Aviron de Laffrey","description":"Un petit bateau dans la t\u00eate ....","potentialAction":[{"@type":"SearchAction","target":{"@type":"EntryPoint","urlTemplate":"https:\/\/cval.fr\/?s={search_term_string}"},"query-input":{"@type":"PropertyValueSpecification","valueRequired":true,"valueName":"search_term_string"}}],"inLanguage":"fr-FR"}]}},"_links":{"self":[{"href":"https:\/\/cval.fr\/index.php\/wp-json\/wp\/v2\/pages\/129","targetHints":{"allow":["GET"]}}],"collection":[{"href":"https:\/\/cval.fr\/index.php\/wp-json\/wp\/v2\/pages"}],"about":[{"href":"https:\/\/cval.fr\/index.php\/wp-json\/wp\/v2\/types\/page"}],"author":[{"embeddable":true,"href":"https:\/\/cval.fr\/index.php\/wp-json\/wp\/v2\/users\/1"}],"replies":[{"embeddable":true,"href":"https:\/\/cval.fr\/index.php\/wp-json\/wp\/v2\/comments?post=129"}],"version-history":[{"count":6,"href":"https:\/\/cval.fr\/index.php\/wp-json\/wp\/v2\/pages\/129\/revisions"}],"predecessor-version":[{"id":618,"href":"https:\/\/cval.fr\/index.php\/wp-json\/wp\/v2\/pages\/129\/revisions\/618"}],"wp:attachment":[{"href":"https:\/\/cval.fr\/index.php\/wp-json\/wp\/v2\/media?parent=129"}],"curies":[{"name":"wp","href":"https:\/\/api.w.org\/{rel}","templated":true}]}}